{"id":131,"date":"2021-07-30T18:23:48","date_gmt":"2021-07-30T16:23:48","guid":{"rendered":"http:\/\/www.lux-hotel-picpus.com\/tarifs-reservation\/"},"modified":"2022-01-13T12:16:17","modified_gmt":"2022-01-13T11:16:17","slug":"rates-booking","status":"publish","type":"page","link":"https:\/\/www.lux-hotel-picpus.com\/en\/rates-booking\/","title":{"rendered":"Rates &#038; booking"},"content":{"rendered":"\n\t<section class=\"section\" id=\"section_2016737889\">\n\t\t<div class=\"bg section-bg fill bg-fill  bg-loaded\" >\n\n\t\t\t\n\t\t\t\n\t\t\t\n\n\t\t<\/div>\n\n\t\t<div class=\"section-content relative\">\n\t\t\t\n\n<div class=\"row\"  id=\"row-2010944143\">\n\n\n\t<div id=\"col-1900712234\" class=\"col small-12 large-12\"  >\n\t\t<div class=\"col-inner\"  >\n\t\t\t\n\t\t\t\n\n<h1 style=\"text-align: center;\">OUR RATES<\/h1>\n<hr>\n<p>Official rates of Lux Hotel Picpus (Paris) &#8211; Best prices guaranteed<\/p>\n<p>Free Wifi in the entire hotel<br \/>Check-in at 3pm | Check-out at 12am<\/p>\n<h2><a href=\"https:\/\/www.secure-hotel-booking.com\/Lux-Hotel-PicPus\/J8BK\/en?hotelId=25847\" target=\"_blank\" rel=\"noopener\">Click here to check rates &amp; availability <\/a><\/h2>\n<p><!--<p><iframe loading=\"lazy\" src=\"https:\/\/www.secure-hotel-booking.com\/Lux-Hotel-PicPus\/J8BK\/en\/ratelist\" width=\"100%\" height=\"1200\" frameborder=\"0\"><\/iframe><\/p><p>Possibility of extra bed<br \/>Breakfast is not included<\/p>--><\/p>\n\n\t\t<\/div>\n\t\t\t<\/div>\n\n\t\n\n\t<div id=\"col-1693595426\" class=\"col small-12 large-12\"  >\n\t\t<div class=\"col-inner\"  >\n\t\t\t\n\t\t\t\n\n<h1 style=\"text-align: center;\">BOOKING<\/h1>\n<hr>\n<p>Do you need help? You can also call us on +33 1 43 43 08 46 or by email : <a href=\" mailto:contact@luxhotel.fr\" >contact@luxhotel.fr<\/a>to book a room!<\/p>\n\n\t\t<\/div>\n\t\t\t<\/div>\n\n\t\n\n\n<style>\n#row-2010944143 > .col > .col-inner {\n  padding: 20px 0px 0px 0px;\n}\n<\/style>\n<\/div>\n\n\t\t<\/div>\n\n\t\t\n<style>\n#section_2016737889 {\n  padding-top: 0px;\n  padding-bottom: 0px;\n  background-color: rgb(241, 241, 241);\n}\n<\/style>\n\t<\/section>\n\t\n\n","protected":false},"excerpt":{"rendered":"","protected":false},"author":1,"featured_media":0,"parent":0,"menu_order":0,"comment_status":"closed","ping_status":"closed","template":"page-blank.php","meta":{"footnotes":""},"class_list":["post-131","page","type-page","status-publish","hentry"],"yoast_head":"<!-- This site is optimized with the Yoast SEO plugin v24.2 - https:\/\/yoast.com\/wordpress\/plugins\/seo\/ -->\n<title>Rates &amp; booking of the Lux H\u00f4tel Picpus Paris ** - Best rate guaranteed<\/title>\n<meta name=\"robots\" content=\"index, follow, max-snippet:-1, max-image-preview:large, max-video-preview:-1\" \/>\n<link rel=\"canonical\" href=\"https:\/\/www.lux-hotel-picpus.com\/en\/rates-booking\/\" \/>\n<meta property=\"og:locale\" content=\"en_US\" \/>\n<meta property=\"og:type\" content=\"article\" \/>\n<meta property=\"og:title\" content=\"Rates &amp; booking of the Lux H\u00f4tel Picpus Paris ** - Best rate guaranteed\" \/>\n<meta property=\"og:url\" content=\"https:\/\/www.lux-hotel-picpus.com\/en\/rates-booking\/\" \/>\n<meta property=\"og:site_name\" content=\"Lux H\u00f4tel Picpus\" \/>\n<meta property=\"article:modified_time\" content=\"2022-01-13T11:16:17+00:00\" \/>\n<meta name=\"twitter:card\" content=\"summary_large_image\" \/>\n<meta name=\"twitter:label1\" content=\"Est. reading time\" \/>\n\t<meta name=\"twitter:data1\" content=\"1 minute\" \/>\n<script type=\"application\/ld+json\" class=\"yoast-schema-graph\">{\"@context\":\"https:\/\/schema.org\",\"@graph\":[{\"@type\":\"WebPage\",\"@id\":\"https:\/\/www.lux-hotel-picpus.com\/en\/rates-booking\/\",\"url\":\"https:\/\/www.lux-hotel-picpus.com\/en\/rates-booking\/\",\"name\":\"Rates & booking of the Lux H\u00f4tel Picpus Paris ** - Best rate guaranteed\",\"isPartOf\":{\"@id\":\"https:\/\/www.lux-hotel-picpus.com\/#website\"},\"datePublished\":\"2021-07-30T16:23:48+00:00\",\"dateModified\":\"2022-01-13T11:16:17+00:00\",\"breadcrumb\":{\"@id\":\"https:\/\/www.lux-hotel-picpus.com\/en\/rates-booking\/#breadcrumb\"},\"inLanguage\":\"en-US\",\"potentialAction\":[{\"@type\":\"ReadAction\",\"target\":[\"https:\/\/www.lux-hotel-picpus.com\/en\/rates-booking\/\"]}]},{\"@type\":\"BreadcrumbList\",\"@id\":\"https:\/\/www.lux-hotel-picpus.com\/en\/rates-booking\/#breadcrumb\",\"itemListElement\":[{\"@type\":\"ListItem\",\"position\":1,\"name\":\"Accueil\",\"item\":\"https:\/\/www.lux-hotel-picpus.com\/en\/\"},{\"@type\":\"ListItem\",\"position\":2,\"name\":\"Rates &#038; booking\"}]},{\"@type\":\"WebSite\",\"@id\":\"https:\/\/www.lux-hotel-picpus.com\/#website\",\"url\":\"https:\/\/www.lux-hotel-picpus.com\/\",\"name\":\"Lux H\u00f4tel Picpus\",\"description\":\"H\u00f4tel 2 \u00e9toiles Paris Nation\",\"potentialAction\":[{\"@type\":\"SearchAction\",\"target\":{\"@type\":\"EntryPoint\",\"urlTemplate\":\"https:\/\/www.lux-hotel-picpus.com\/?s={search_term_string}\"},\"query-input\":{\"@type\":\"PropertyValueSpecification\",\"valueRequired\":true,\"valueName\":\"search_term_string\"}}],\"inLanguage\":\"en-US\"}]}<\/script>\n<!-- \/ Yoast SEO plugin. -->","yoast_head_json":{"title":"Rates & booking of the Lux H\u00f4tel Picpus Paris ** - Best rate guaranteed","robots":{"index":"index","follow":"follow","max-snippet":"max-snippet:-1","max-image-preview":"max-image-preview:large","max-video-preview":"max-video-preview:-1"},"canonical":"https:\/\/www.lux-hotel-picpus.com\/en\/rates-booking\/","og_locale":"en_US","og_type":"article","og_title":"Rates & booking of the Lux H\u00f4tel Picpus Paris ** - Best rate guaranteed","og_url":"https:\/\/www.lux-hotel-picpus.com\/en\/rates-booking\/","og_site_name":"Lux H\u00f4tel Picpus","article_modified_time":"2022-01-13T11:16:17+00:00","twitter_card":"summary_large_image","twitter_misc":{"Est. reading time":"1 minute"},"schema":{"@context":"https:\/\/schema.org","@graph":[{"@type":"WebPage","@id":"https:\/\/www.lux-hotel-picpus.com\/en\/rates-booking\/","url":"https:\/\/www.lux-hotel-picpus.com\/en\/rates-booking\/","name":"Rates & booking of the Lux H\u00f4tel Picpus Paris ** - Best rate guaranteed","isPartOf":{"@id":"https:\/\/www.lux-hotel-picpus.com\/#website"},"datePublished":"2021-07-30T16:23:48+00:00","dateModified":"2022-01-13T11:16:17+00:00","breadcrumb":{"@id":"https:\/\/www.lux-hotel-picpus.com\/en\/rates-booking\/#breadcrumb"},"inLanguage":"en-US","potentialAction":[{"@type":"ReadAction","target":["https:\/\/www.lux-hotel-picpus.com\/en\/rates-booking\/"]}]},{"@type":"BreadcrumbList","@id":"https:\/\/www.lux-hotel-picpus.com\/en\/rates-booking\/#breadcrumb","itemListElement":[{"@type":"ListItem","position":1,"name":"Accueil","item":"https:\/\/www.lux-hotel-picpus.com\/en\/"},{"@type":"ListItem","position":2,"name":"Rates &#038; booking"}]},{"@type":"WebSite","@id":"https:\/\/www.lux-hotel-picpus.com\/#website","url":"https:\/\/www.lux-hotel-picpus.com\/","name":"Lux H\u00f4tel Picpus","description":"H\u00f4tel 2 \u00e9toiles Paris Nation","potentialAction":[{"@type":"SearchAction","target":{"@type":"EntryPoint","urlTemplate":"https:\/\/www.lux-hotel-picpus.com\/?s={search_term_string}"},"query-input":{"@type":"PropertyValueSpecification","valueRequired":true,"valueName":"search_term_string"}}],"inLanguage":"en-US"}]}},"_links":{"self":[{"href":"https:\/\/www.lux-hotel-picpus.com\/en\/wp-json\/wp\/v2\/pages\/131","targetHints":{"allow":["GET"]}}],"collection":[{"href":"https:\/\/www.lux-hotel-picpus.com\/en\/wp-json\/wp\/v2\/pages"}],"about":[{"href":"https:\/\/www.lux-hotel-picpus.com\/en\/wp-json\/wp\/v2\/types\/page"}],"author":[{"embeddable":true,"href":"https:\/\/www.lux-hotel-picpus.com\/en\/wp-json\/wp\/v2\/users\/1"}],"replies":[{"embeddable":true,"href":"https:\/\/www.lux-hotel-picpus.com\/en\/wp-json\/wp\/v2\/comments?post=131"}],"version-history":[{"count":11,"href":"https:\/\/www.lux-hotel-picpus.com\/en\/wp-json\/wp\/v2\/pages\/131\/revisions"}],"predecessor-version":[{"id":347,"href":"https:\/\/www.lux-hotel-picpus.com\/en\/wp-json\/wp\/v2\/pages\/131\/revisions\/347"}],"wp:attachment":[{"href":"https:\/\/www.lux-hotel-picpus.com\/en\/wp-json\/wp\/v2\/media?parent=131"}],"curies":[{"name":"wp","href":"https:\/\/api.w.org\/{rel}","templated":true}]}}